{"id":179,"date":"2022-07-07T08:19:07","date_gmt":"2022-07-07T14:19:07","guid":{"rendered":"https:\/\/lafarma.online\/?post_type=product&#038;p=179"},"modified":"2024-06-16T11:02:26","modified_gmt":"2024-06-16T17:02:26","slug":"gomitas-de-colageno-biotina-vitamina-e","status":"publish","type":"product","link":"https:\/\/lafarma.online\/?product=gomitas-de-colageno-biotina-vitamina-e","title":{"rendered":"Gomitas de Colageno + Biotina + Vitamina E"},"content":{"rendered":"","protected":false},"excerpt":{"rendered":"<p><strong>GOMITAS DE COLAGENO 60 Und<\/strong><\/p>\n<p>Gomas de Gelatina sin az\u00facar exelente fuente de col\u00e1geno, Biotina y Vitamina E. La Biotina contribuye al mantenimiento de la piel y el cabello en condiciones normales.\u00a0La vitamina E Contribuye a la protecci\u00f3n de las c\u00e9lulas frente al da\u00f1o oxidativo.<\/p>\n<p>NO CONTIENE AZ\u00daCAR ADICIONADA.<\/p>\n","protected":false},"featured_media":193,"comment_status":"open","ping_status":"closed","template":"","meta":{"neve_meta_sidebar":"","neve_meta_container":"","neve_meta_enable_content_width":"off","neve_meta_content_width":100,"neve_meta_title_alignment":"","neve_meta_author_avatar":"","neve_post_elements_order":"","neve_meta_disable_header":"","neve_meta_disable_footer":"","neve_meta_disable_title":""},"product_brand":[],"product_cat":[363],"product_tag":[598,377,514,378,515,380,381,516,542,544,517,387,388,389,390,587,391,518,392,393,394,396,519,399,400,402,588,403,520,589,591,405,407,409,521,545,411,592,522,412,413,415,524,420,418,419,547,422,424,423,425,426,427,428,430,429,431,432,433,434,553,435,554,556,436,528,437,439,557,440,444,442,558,443,560,502,445,529,561,446,447,449,593,594,451,530,595,596,453,454,456,457,563,564,505,458,459,597,460,462,506,464,565,467,503,466,566,567,568,531,569,470,571,472,474,473,475,532,533,572,477,534,479,480,535,481,573,485,486,487,575,489,576,490,491,536,537,492,494,493,538,539,577,495,496,578,579,580,497,498,581,499,582,583,584,585],"class_list":{"0":"post-179","1":"product","2":"type-product","3":"status-publish","4":"has-post-thumbnail","6":"product_cat-multivitaminas","7":"product_tag-comprar-misoprostol-en-linea","8":"product_tag-comprar-pastillas-abortivas-en-whatsapp-el-salvador","9":"product_tag-cyrux-el-salvador","10":"product_tag-cyrux-misoprostol-cerca-de-san-salvador","11":"product_tag-cyrux-misoprostol-precios-en-farmacias-cerca-de-san-salvador","12":"product_tag-cyrux-original-venta-en-el-salvador","13":"product_tag-cyrux-precio-en-farmacias-de-san-salvador","14":"product_tag-cyrux-serral-precio-en-farmacias-economicas","15":"product_tag-cytotec-en-san-miguel","16":"product_tag-cytotec-en-santa-ana","17":"product_tag-cytotec-pfizer-en-san-miguel","18":"product_tag-cytotec-pfizer-en-santa-ana","19":"product_tag-cytotec-precio-santa-ana-2025","20":"product_tag-cytotec-san-miguel-2023","21":"product_tag-cytotec-san-miguel-2024","22":"product_tag-cytotec-san-miguel-2025","23":"product_tag-cytotec-san-salvador-2023","24":"product_tag-cytotec-san-salvador-2024","25":"product_tag-cytotec-santa-ana-2023","26":"product_tag-cytotec-santa-ana-2024","27":"product_tag-cytotec-venta-en-san-salvador","28":"product_tag-donde-comprar-pastillas-abortivas-cyrux-misoprostol-en-el-salvador","29":"product_tag-donde-comprar-san-salvador","30":"product_tag-donde-consigo-misoprostol-cyrux-en-el-salvador","31":"product_tag-donde-puedo-comprar-cytotec-en-san-miguel","32":"product_tag-donde-puedo-comprar-cytotec-sin-receta-en-santa-ana","33":"product_tag-donde-puedo-comprar-pastillas-abortivas","34":"product_tag-donde-puedo-conseguir-misoprostol","35":"product_tag-donde-venden-cyrux-laboratorio-serral-en-el-salvador","36":"product_tag-donde-venden-cytotec-en-san-miguel","37":"product_tag-donde-venden-cytotec-en-santa-ana","38":"product_tag-donde-venden-pastillas-abortivas-cyrux-en-el-salvador","39":"product_tag-donde-venden-pastillas-cytotec-en-san-salvador","40":"product_tag-en-que-farmacia-venden-mifepristona-y-cyrux-misoprostol","41":"product_tag-farmacia-que-venda-cyrux-misoprostol","42":"product_tag-farmacia-vende-pastillas-cytotec-en-san-miguel","43":"product_tag-farmacia-vende-pastillas-cytotec-en-san-salvador","44":"product_tag-farmacias-que-venda-cytotec-en-san-salvador","45":"product_tag-farmacias-que-venda-cytotec-en-santa-ana","46":"product_tag-farmacias-que-venden-cytotec-cerca-de-santa-tecla-ciudad-merliot","47":"product_tag-farmacias-que-venden-cytotec-en-ahuachapan","48":"product_tag-farmacias-que-venden-cytotec-en-san-salvador","49":"product_tag-farmacias-que-venden-cytotec-misoprostol-en-santa-ana-el-salvador","50":"product_tag-farmacias-que-venden-misoprostol","51":"product_tag-farmacias-que-venden-misoprostol-en-el-salvador","52":"product_tag-farmacias-que-venden-misoprostol-en-san-miguel","53":"product_tag-lugares-para-abortar-en-el-salvador","54":"product_tag-medicamento-cyrux-para-abortar-en-el-salvador","55":"product_tag-medicamentos-abortivos","56":"product_tag-medicamentos-abortivos-cyrux-de-venta-libre","57":"product_tag-mefaprix-donde-comprar","58":"product_tag-metodos-o-pastillas-para-q-baje-mi-periodo","59":"product_tag-metodos-o-pastillas-para-que-baje-mi-menstrucion","60":"product_tag-mifeprex-el-salvador","61":"product_tag-mifepristona-el-salvador","62":"product_tag-mifepristona-el-salvador-precio","63":"product_tag-mifepristona-precio-el-salvador","64":"product_tag-mifepristona-venta","65":"product_tag-misoprostol-comprar-el-salvador","66":"product_tag-misoprostol-cuanto-cuesta","67":"product_tag-misoprostol-cyrux-el-salvador","68":"product_tag-misoprostol-donde-comprar-el-salvador","69":"product_tag-misoprostol-donde-comprar-san-miguel","70":"product_tag-misoprostol-donde-comprar-santa-ana","71":"product_tag-misoprostol-donde-lo-consigo","72":"product_tag-misoprostol-en-san-salvador","73":"product_tag-misoprostol-en-venta","74":"product_tag-misoprostol-generico","75":"product_tag-misoprostol-medimart-de-walmart-el-salvador-precio","76":"product_tag-misoprostol-pfizer-precio","77":"product_tag-misoprostol-precio","78":"product_tag-misoprostol-precio-en-el-salvador","79":"product_tag-misoprostol-precio-en-farmacias-san-miguel","80":"product_tag-misoprostol-precio-en-santa-ana","81":"product_tag-misoprostol-precio-en-santa-ana-misoprostol","82":"product_tag-misoprostol-precio-farmacias-el-salvador","83":"product_tag-misoprostol-serral","84":"product_tag-misoprostol-venta","85":"product_tag-misoprostol-venta-online","86":"product_tag-misoprostol-venta-sin-receta-2020","87":"product_tag-misoprostol-y-mifepristona-venta-en-el-salvador","88":"product_tag-no-me-baja-mi-periodo-menstrual","89":"product_tag-numero-de-whats-app-para-comprar-cytotec-misoprostol-en-san-miguel-el-salvador","90":"product_tag-numero-de-whatsapp-para-comprar-cytotec-misoprostol-en-santa-ana-el-salvador","91":"product_tag-oxaprost-precio","92":"product_tag-pastilla-abortiva-cyrux","93":"product_tag-pastilla-abortiva-el-salvador","94":"product_tag-pastilla-abortiva-en-el-salvador","95":"product_tag-pastilla-abortivas-el-salvador","96":"product_tag-pastilla-para-abortar-el-salvador","97":"product_tag-pastillas-abortivas-cerca-de-antiguo-cuscatlan-la-libertad","98":"product_tag-pastillas-abortivas-el-salvador","99":"product_tag-pastillas-abortivas-en-el-salvador","100":"product_tag-pastillas-abortivas-en-el-savador-precio-en-facebook","101":"product_tag-pastillas-abortivas-en-santa-ana","102":"product_tag-pastillas-abortivas-en-walmart-san-miguel","103":"product_tag-pastillas-abortivas-misoprostol-cytotec-venta-en-metrocentro-santa-ana-walmart","104":"product_tag-pastillas-abortivas-nombres-y-precios-el-salvador","105":"product_tag-pastillas-abortivas-nombres-y-precios-en-san-salvador","106":"product_tag-pastillas-abortivas-oxaprost-donde-comprar","107":"product_tag-pastillas-abortivas-sv","108":"product_tag-pastillas-abortivas-venta","109":"product_tag-pastillas-abortivas-venta-el-salvador","110":"product_tag-pastillas-cyrux","111":"product_tag-pastillas-cyrux-misoprostol","112":"product_tag-pastillas-cyrux-precio","113":"product_tag-pastillas-misoprostol-comprar","114":"product_tag-pastillas-para-abortar-el-salvador","115":"product_tag-pastillas-para-abortar-en-el-salvador","116":"product_tag-pastillas-para-abortar-en-farmacias-similares-el-salvador","117":"product_tag-pfizer-farmacias-economicas-el-salvador","118":"product_tag-pildora-abortiva-costo-el-salvador","119":"product_tag-pildora-abortiva-en-el-salvador","120":"product_tag-pildoras-abortivas-en-el-salvador","121":"product_tag-precio-de-cyrux","122":"product_tag-precio-de-cyrux-misoprostol-farmacia-online-cerca-de-san-salvador","123":"product_tag-precio-de-cytotec-misoprostol-en-walmart-san-salvador","124":"product_tag-precio-de-pastillas-abortivas","125":"product_tag-precio-de-pastillas-cyrux","126":"product_tag-precio-del-cytotec-misoprostol-en-farmacia-walmart-san-salvador","127":"product_tag-precio-pastillas-abortivas","128":"product_tag-que-farmacia-venden-misoprostol","129":"product_tag-que-hacer-para-que-me-baje-mi-menstruacion","130":"product_tag-que-hacer-para-que-me-baje-mi-periodo","131":"product_tag-que-medicamentos-puedo-tomar-para-que-baje-mi-periodo","132":"product_tag-que-medicamentos-puedo-tomar-para-que-me-baje-mi-mestruacion","133":"product_tag-que-medicamentos-puedo-tomar-para-que-me-baje-mi-regla","134":"product_tag-quiero-comprar-misoprostol","135":"product_tag-reduvan-el-salvador","136":"product_tag-ru-486-el-salvador","137":"product_tag-taneciprol-el-salvador","138":"product_tag-taneciprol-farmacias-del-san-nicolas","139":"product_tag-taneciprol-para-abortar","140":"product_tag-venta-de-cytotec-en-san-miguel","141":"product_tag-venta-de-cytotec-en-san-salvador-el-salvador","142":"product_tag-venta-de-cytotec-en-santa-ana","143":"product_tag-venta-de-cytotec-en-walmart-san-miguel-el-salvador","144":"product_tag-venta-de-medicamento-abortivo-en-el-salvador","145":"product_tag-venta-de-mifepristona","146":"product_tag-venta-de-mifepristona-en-el-salvador","147":"product_tag-venta-de-mifepristona-y-misoprostol","148":"product_tag-venta-de-misoprostol","149":"product_tag-venta-de-misoprostol-en-el-salvador","150":"product_tag-venta-de-misoprostol-en-farmacias","151":"product_tag-venta-de-misoprostol-online","152":"product_tag-venta-de-pastillas-abortivas-cytotec-en-farmacias-san-miguel","153":"product_tag-venta-de-pastillas-abortivas-sin-receta-en-san-miguel-el-salvador","154":"product_tag-venta-de-pastillas-abortivas-sin-receta-en-santa-ana-el-salvador","155":"product_tag-venta-de-pastillas-abortivos-en-el-salvador","156":"product_tag-venta-de-pastillas-cytotec-en-san-miguel","157":"product_tag-venta-de-pastillas-cytotec-en-san-salvador","158":"product_tag-venta-de-pastillas-cytotec-en-santa-ana","159":"product_tag-venta-mifepristona","160":"product_tag-ventas-de-misoprostol","161":"product_tag-walmart-vende-pildoras-abortivas-en-el-salvador-santa-ana-san-migue","162":"product_tag-whatsapp-para-comprar-cytotec-misoprostol-en-farmacias-de-san-salvador","164":"first","165":"instock","166":"sale","167":"shipping-taxable","168":"purchasable","169":"product-type-simple"},"_links":{"self":[{"href":"https:\/\/lafarma.online\/index.php?rest_route=\/wp\/v2\/product\/179","targetHints":{"allow":["GET"]}}],"collection":[{"href":"https:\/\/lafarma.online\/index.php?rest_route=\/wp\/v2\/product"}],"about":[{"href":"https:\/\/lafarma.online\/index.php?rest_route=\/wp\/v2\/types\/product"}],"replies":[{"embeddable":true,"href":"https:\/\/lafarma.online\/index.php?rest_route=%2Fwp%2Fv2%2Fcomments&post=179"}],"wp:featuredmedia":[{"embeddable":true,"href":"https:\/\/lafarma.online\/index.php?rest_route=\/wp\/v2\/media\/193"}],"wp:attachment":[{"href":"https:\/\/lafarma.online\/index.php?rest_route=%2Fwp%2Fv2%2Fmedia&parent=179"}],"wp:term":[{"taxonomy":"product_brand","embeddable":true,"href":"https:\/\/lafarma.online\/index.php?rest_route=%2Fwp%2Fv2%2Fproduct_brand&post=179"},{"taxonomy":"product_cat","embeddable":true,"href":"https:\/\/lafarma.online\/index.php?rest_route=%2Fwp%2Fv2%2Fproduct_cat&post=179"},{"taxonomy":"product_tag","embeddable":true,"href":"https:\/\/lafarma.online\/index.php?rest_route=%2Fwp%2Fv2%2Fproduct_tag&post=179"}],"curies":[{"name":"wp","href":"https:\/\/api.w.org\/{rel}","templated":true}]}}